{"id":2,"date":"2024-12-12T20:01:44","date_gmt":"2024-12-12T20:01:44","guid":{"rendered":"https:\/\/buckletting.edu.ec\/?page_id=2"},"modified":"2025-01-29T18:21:16","modified_gmt":"2025-01-29T18:21:16","slug":"sample-page","status":"publish","type":"page","link":"https:\/\/buckletting.edu.ec\/","title":{"rendered":"Sample Page"},"content":{"rendered":"<p>[et_pb_section fb_built=\u00bb1&#8243; admin_label=\u00bbsection\u00bb _builder_version=\u00bb4.23.1&#8243; hover_enabled=\u00bb0&#8243; global_colors_info=\u00bb{}\u00bb title_text=\u00bbbuck-letting\u00bb background_enable_image=\u00bboff\u00bb sticky_enabled=\u00bb0&#8243; use_background_color_gradient=\u00bbon\u00bb background_color_gradient_stops=\u00bb#ffffff 72%|#2b87da 100%\u00bb background_color_gradient_type=\u00bbcircular\u00bb][et_pb_row _builder_version=\u00bb4.23.1&#8243; _module_preset=\u00bbdefault\u00bb][et_pb_column _builder_version=\u00bb4.23.1&#8243; _module_preset=\u00bbdefault\u00bb type=\u00bb4_4&#8243;][et_pb_text _builder_version=\u00bb4.23.1&#8243; _module_preset=\u00bbdefault\u00bb hover_enabled=\u00bb0&#8243; sticky_enabled=\u00bb0&#8243; text_font_size=\u00bb28px\u00bb text_orientation=\u00bbcenter\u00bb text_text_color=\u00bb#E02B20&#8243; text_font=\u00bb|700|on||||||\u00bb]<\/p>\n<p>Aprende ingl\u00e9s con un m\u00e9todo que realmente funciona.<\/p>\n<p>La opci\u00f3n m\u00e1s popular en la localidad, elegida por nuestros usuarios.<\/p>\n<p>[\/et_pb_text][\/et_pb_column][\/et_pb_row][et_pb_row admin_label=\u00bbrow\u00bb _builder_version=\u00bb4.16&#8243; background_size=\u00bbinitial\u00bb background_position=\u00bbtop_left\u00bb background_repeat=\u00bbrepeat\u00bb global_colors_info=\u00bb{}\u00bb column_structure=\u00bb1_2,1_2&#8243;][et_pb_column _builder_version=\u00bb4.23.1&#8243; _module_preset=\u00bbdefault\u00bb type=\u00bb1_2&#8243;][et_pb_image src=\u00bbhttps:\/\/buckletting.edu.ec\/wp-content\/uploads\/2025\/01\/male-teacher-doing-english-lesson-online-his-students-scaled.jpg\u00bb _builder_version=\u00bb4.23.1&#8243; _module_preset=\u00bbdefault\u00bb title_text=\u00bbmale-teacher-doing-english-lesson-online-his-students\u00bb hover_enabled=\u00bb0&#8243; sticky_enabled=\u00bb0&#8243;][\/et_pb_image][\/et_pb_column][et_pb_column type=\u00bb1_2&#8243; _builder_version=\u00bb4.16&#8243; custom_padding=\u00bb|||\u00bb global_colors_info=\u00bb{}\u00bb custom_padding__hover=\u00bb|||\u00bb][et_pb_text admin_label=\u00bbText\u00bb _builder_version=\u00bb4.16&#8243; background_size=\u00bbinitial\u00bb background_position=\u00bbtop_left\u00bb background_repeat=\u00bbrepeat\u00bb global_colors_info=\u00bb{}\u00bb]<\/p>\n<blockquote>\n<p style=\"text-align: center;\">\n<\/blockquote>\n<p><strong><em>Avanzado:<\/em> <\/strong><span>Utiliza m\u00e9todos pedag\u00f3gicos patentados para ense\u00f1ar ingl\u00e9s a ni\u00f1os, j\u00f3venes y adultos,<\/span> combina la experiencia de profesores calificados, nuestra exclusiva plataforma interactiva.<\/p>\n<p><strong><em>Eficaz:<\/em> <\/strong>El aprendizaje se centra en escenarios pr\u00e1cticos y en interacciones reales, lo que te permitir\u00e1 avanzar de manera m\u00e1s r\u00e1pida.<\/p>\n<p><strong><em>Motivador:<\/em> <\/strong>Ofrecemos clases individuales en vivo con profesores calificados, sesiones grupales interactivas y ejercicios de autoestudio disponibles las 24 horas del d\u00eda, los 7 d\u00edas de la semana, accesibles desde cualquier dispositivo.<\/p>\n<p>Aprende hasta tres veces m\u00e1s r\u00e1pido con nuestro curso de ingl\u00e9s certificado.<\/p>\n<p>[\/et_pb_text][\/et_pb_column][\/et_pb_row][et_pb_row _builder_version=\u00bb4.23.1&#8243; _module_preset=\u00bbdefault\u00bb][et_pb_column _builder_version=\u00bb4.23.1&#8243; _module_preset=\u00bbdefault\u00bb type=\u00bb4_4&#8243;][et_pb_text _builder_version=\u00bb4.23.1&#8243; _module_preset=\u00bbdefault\u00bb hover_enabled=\u00bb0&#8243; sticky_enabled=\u00bb0&#8243; text_font_size=\u00bb28px\u00bb text_orientation=\u00bbcenter\u00bb text_text_color=\u00bb#E02B20&#8243; text_font=\u00bb|700|on||||||\u00bb]<\/p>\n<p>Aprender ingl\u00e9s con nosotros es tan sencillo<\/p>\n<p>[\/et_pb_text][\/et_pb_column][\/et_pb_row][et_pb_row _builder_version=\u00bb4.23.1&#8243; _module_preset=\u00bbdefault\u00bb column_structure=\u00bb1_3,1_3,1_3&#8243;][et_pb_column _builder_version=\u00bb4.23.1&#8243; _module_preset=\u00bbdefault\u00bb type=\u00bb1_3&#8243;][et_pb_text _builder_version=\u00bb4.23.1&#8243; _module_preset=\u00bbdefault\u00bb hover_enabled=\u00bb0&#8243; sticky_enabled=\u00bb0&#8243;]<\/p>\n<h4><span style=\"color: #000000;\"><strong>Conoce tu nivel de ingl\u00e9s.<\/strong><\/span><\/h4>\n<p>Haz nuestra prueba de ubicaci\u00f3n y recibir\u00e1s una evaluaci\u00f3n detallada de tu dominio del ingl\u00e9s, para que empieces en el nivel que mejor se ajuste a ti.<\/p>\n<p>[\/et_pb_text][\/et_pb_column][et_pb_column _builder_version=\u00bb4.23.1&#8243; _module_preset=\u00bbdefault\u00bb type=\u00bb1_3&#8243;][et_pb_text _builder_version=\u00bb4.23.1&#8243; _module_preset=\u00bbdefault\u00bb hover_enabled=\u00bb0&#8243; sticky_enabled=\u00bb0&#8243;]<\/p>\n<h4><span style=\"color: #000000;\"><strong>Obt\u00e9n tu plan de estudio personalizado.<\/strong><\/span><\/h4>\n<p>Gracias a estudios cient\u00edficos sobre el aprendizaje de idiomas, nuestra avanzada IA dise\u00f1ar\u00e1 el plan de estudio m\u00e1s adecuado para garantizar tu \u00e9xito.<\/p>\n<p>[\/et_pb_text][\/et_pb_column][et_pb_column _builder_version=\u00bb4.23.1&#8243; _module_preset=\u00bbdefault\u00bb type=\u00bb1_3&#8243;][et_pb_text _builder_version=\u00bb4.23.1&#8243; _module_preset=\u00bbdefault\u00bb hover_enabled=\u00bb0&#8243; sticky_enabled=\u00bb0&#8243;]<\/p>\n<h4><span style=\"color: #000000;\"><strong>Aprende ingl\u00e9s con nuestra garant\u00eda de satisfacci\u00f3n.<\/strong><\/span><\/h4>\n<p>Si sigues tu plan de estudio y no est\u00e1s contento despu\u00e9s de 12 semanas, te reembolsamos el dinero, sin complicaciones.<\/p>\n<p>[\/et_pb_text][\/et_pb_column][\/et_pb_row][et_pb_row _builder_version=\u00bb4.23.1&#8243; _module_preset=\u00bbdefault\u00bb column_structure=\u00bb1_2,1_2&#8243;][et_pb_column _builder_version=\u00bb4.23.1&#8243; _module_preset=\u00bbdefault\u00bb type=\u00bb1_2&#8243;][et_pb_image src=\u00bbhttps:\/\/buckletting.edu.ec\/wp-content\/uploads\/2025\/01\/female-english-teacher-doing-online-lessons-scaled.jpg\u00bb _builder_version=\u00bb4.23.1&#8243; _module_preset=\u00bbdefault\u00bb title_text=\u00bbfemale-english-teacher-doing-online-lessons\u00bb hover_enabled=\u00bb0&#8243; sticky_enabled=\u00bb0&#8243;][\/et_pb_image][\/et_pb_column][et_pb_column _builder_version=\u00bb4.23.1&#8243; _module_preset=\u00bbdefault\u00bb type=\u00bb1_2&#8243;][et_pb_text _builder_version=\u00bb4.23.1&#8243; _module_preset=\u00bbdefault\u00bb hover_enabled=\u00bb0&#8243; sticky_enabled=\u00bb0&#8243; text_orientation=\u00bbcenter\u00bb]<\/p>\n<h3><span style=\"color: #000000;\"><em><strong><\/strong><\/em><\/span><\/h3>\n<h3><span style=\"color: #000000;\"><em><strong>La mejor manera de aprender ingl\u00e9s es hablar, hablar y hablar.<\/strong><\/em><\/span><\/h3>\n<p><span style=\"color: #000000;\"><em><strong><\/strong><\/em><\/span><\/p>\n<p><span style=\"color: #000000;\"><\/span><\/p>\n<p>Creado originalmente en colaboraci\u00f3n con Apple y respaldado por la Universidad de Cambridge en 1996, Buckletting ha revolucionado el aprendizaje de idiomas con su m\u00e9todo pedag\u00f3gico. Desde el primer d\u00eda, empezar\u00e1s a hablar con situaciones reales y juegos de rol interactivos, lo que te ayudar\u00e1 a ganar confianza para comunicarte en el trabajo, en el extranjero o en cualquier lugar al que el ingl\u00e9s te lleve.<\/p>\n<p>[\/et_pb_text][\/et_pb_column][\/et_pb_row][\/et_pb_section]<\/p>\n","protected":false},"excerpt":{"rendered":"<p>Aprende ingl\u00e9s con un m\u00e9todo que realmente funciona. La opci\u00f3n m\u00e1s popular en la localidad, elegida por nuestros usuarios. Avanzado: Utiliza m\u00e9todos pedag\u00f3gicos patentados para ense\u00f1ar ingl\u00e9s a ni\u00f1os, j\u00f3venes y adultos, combina la experiencia de profesores calificados, nuestra exclusiva plataforma interactiva. Eficaz: El aprendizaje se centra en escenarios pr\u00e1cticos y en interacciones reales, lo [&hellip;]<\/p>\n","protected":false},"author":1,"featured_media":0,"parent":0,"menu_order":0,"comment_status":"closed","ping_status":"open","template":"","meta":{"_et_pb_use_builder":"on","_et_pb_old_content":"<!-- wp:paragraph -->\n<p>This is an example page. It's different from a blog post because it will stay in one place and will show up in your site navigation (in most themes). Most people start with an About page that introduces them to potential site visitors. It might say something like this:<\/p>\n<!-- \/wp:paragraph -->\n\n<!-- wp:quote -->\n<blockquote class=\"wp-block-quote\"><p>Hi there! I'm a bike messenger by day, aspiring actor by night, and this is my website. I live in Los Angeles, have a great dog named Jack, and I like pi&#241;a coladas. (And gettin' caught in the rain.)<\/p><\/blockquote>\n<!-- \/wp:quote -->\n\n<!-- wp:paragraph -->\n<p>...or something like this:<\/p>\n<!-- \/wp:paragraph -->\n\n<!-- wp:quote -->\n<blockquote class=\"wp-block-quote\"><p>The XYZ Doohickey Company was founded in 1971, and has been providing quality doohickeys to the public ever since. Located in Gotham City, XYZ employs over 2,000 people and does all kinds of awesome things for the Gotham community.<\/p><\/blockquote>\n<!-- \/wp:quote -->\n\n<!-- wp:paragraph -->\n<p>As a new WordPress user, you should go to <a href=\"https:\/\/buckletting.edu.ec\/wp-admin\/\">your dashboard<\/a> to delete this page and create new pages for your content. Have fun!<\/p>\n<!-- \/wp:paragraph -->","_et_gb_content_width":"","footnotes":""},"class_list":["post-2","page","type-page","status-publish","hentry"],"_links":{"self":[{"href":"https:\/\/buckletting.edu.ec\/index.php?rest_route=\/wp\/v2\/pages\/2","targetHints":{"allow":["GET"]}}],"collection":[{"href":"https:\/\/buckletting.edu.ec\/index.php?rest_route=\/wp\/v2\/pages"}],"about":[{"href":"https:\/\/buckletting.edu.ec\/index.php?rest_route=\/wp\/v2\/types\/page"}],"author":[{"embeddable":true,"href":"https:\/\/buckletting.edu.ec\/index.php?rest_route=\/wp\/v2\/users\/1"}],"replies":[{"embeddable":true,"href":"https:\/\/buckletting.edu.ec\/index.php?rest_route=%2Fwp%2Fv2%2Fcomments&post=2"}],"version-history":[{"count":3,"href":"https:\/\/buckletting.edu.ec\/index.php?rest_route=\/wp\/v2\/pages\/2\/revisions"}],"predecessor-version":[{"id":25,"href":"https:\/\/buckletting.edu.ec\/index.php?rest_route=\/wp\/v2\/pages\/2\/revisions\/25"}],"wp:attachment":[{"href":"https:\/\/buckletting.edu.ec\/index.php?rest_route=%2Fwp%2Fv2%2Fmedia&parent=2"}],"curies":[{"name":"wp","href":"https:\/\/api.w.org\/{rel}","templated":true}]}}